{"id":7896,"date":"2024-07-26T10:52:25","date_gmt":"2024-07-26T06:52:25","guid":{"rendered":"http:\/\/fimc.ae\/club\/?page_id=7896"},"modified":"2024-08-29T14:13:48","modified_gmt":"2024-08-29T10:13:48","slug":"motosurf-academy-launched-in-fujairah","status":"publish","type":"page","link":"http:\/\/fimc.ae\/club\/motosurf-academy-launched-in-fujairah\/","title":{"rendered":"Motosurf Academy Launched in Fujairah"},"content":{"rendered":"\t\t<div data-elementor-type=\"wp-page\" data-elementor-id=\"7896\" class=\"elementor elementor-7896\">\n\t\t\t\t\t\t<section class=\"elementor-section elementor-top-section elementor-element elementor-element-d1a4b8c elementor-section-height-min-height elementor-section-items-top elementor-section-boxed elementor-section-height-default\" data-id=\"d1a4b8c\" data-element_type=\"section\" data-e-type=\"section\" data-settings=\"{&quot;background_background&quot;:&quot;classic&quot;,&quot;shape_divider_bottom&quot;:&quot;curve&quot;,&quot;shape_divider_bottom_negative&quot;:&quot;yes&quot;}\">\n\t\t\t\t\t\t\t<div class=\"elementor-background-overlay\"><\/div>\n\t\t\t\t\t\t<div class=\"elementor-shape elementor-shape-bottom\" aria-hidden=\"true\" data-negative=\"true\">\n\t\t\t<svg xmlns=\"http:\/\/www.w3.org\/2000\/svg\" viewBox=\"0 0 1000 100\" preserveAspectRatio=\"none\">\n\t<path class=\"elementor-shape-fill\" d=\"M500,97C126.7,96.3,0.8,19.8,0,0v100l1000,0V1C1000,19.4,873.3,97.8,500,97z\"\/>\n<\/svg>\t\t<\/div>\n\t\t\t\t\t<div class=\"elementor-container elementor-column-gap-default\">\n\t\t\t\t\t<div class=\"elementor-column elementor-col-100 elementor-top-column elementor-element elementor-element-fcb6fd3\" data-id=\"fcb6fd3\" data-element_type=\"column\" data-e-type=\"column\">\n\t\t\t<div class=\"elementor-widget-wrap elementor-element-populated\">\n\t\t\t\t\t\t\t<\/div>\n\t\t<\/div>\n\t\t\t\t\t<\/div>\n\t\t<\/section>\n\t\t\t\t<section class=\"elementor-section elementor-top-section elementor-element elementor-element-8324119 elementor-section-boxed elementor-section-height-default elementor-section-height-default\" data-id=\"8324119\" data-element_type=\"section\" data-e-type=\"section\">\n\t\t\t\t\t\t<div class=\"elementor-container elementor-column-gap-default\">\n\t\t\t\t\t<div class=\"elementor-column elementor-col-33 elementor-top-column elementor-element elementor-element-dd919bf\" data-id=\"dd919bf\" data-element_type=\"column\" data-e-type=\"column\">\n\t\t\t<div class=\"elementor-widget-wrap elementor-element-populated\">\n\t\t\t\t\t\t<div class=\"elementor-element elementor-element-44cc2a3 elementor-widget elementor-widget-image\" data-id=\"44cc2a3\" data-element_type=\"widget\" data-e-type=\"widget\" data-widget_type=\"image.default\">\n\t\t\t\t<div class=\"elementor-widget-container\">\n\t\t\t\t\t\t\t\t\t\t\t\t\t\t\t<img fetchpriority=\"high\" decoding=\"async\" width=\"770\" height=\"514\" src=\"http:\/\/fimc.ae\/club\/wp-content\/uploads\/2024\/07\/PAF_0408-1024x683.jpg\" class=\"attachment-large size-large wp-image-7920\" alt=\"\" srcset=\"http:\/\/fimc.ae\/club\/wp-content\/uploads\/2024\/07\/PAF_0408-1024x683.jpg 1024w, http:\/\/fimc.ae\/club\/wp-content\/uploads\/2024\/07\/PAF_0408-300x200.jpg 300w, http:\/\/fimc.ae\/club\/wp-content\/uploads\/2024\/07\/PAF_0408-768x512.jpg 768w, http:\/\/fimc.ae\/club\/wp-content\/uploads\/2024\/07\/PAF_0408-1536x1024.jpg 1536w, http:\/\/fimc.ae\/club\/wp-content\/uploads\/2024\/07\/PAF_0408-2048x1365.jpg 2048w, http:\/\/fimc.ae\/club\/wp-content\/uploads\/2024\/07\/PAF_0408-600x400.jpg 600w, http:\/\/fimc.ae\/club\/wp-content\/uploads\/2024\/07\/PAF_0408-540x360.jpg 540w\" sizes=\"(max-width: 770px) 100vw, 770px\" \/>\t\t\t\t\t\t\t\t\t\t\t\t\t\t\t<\/div>\n\t\t\t\t<\/div>\n\t\t\t\t\t<\/div>\n\t\t<\/div>\n\t\t\t\t<div class=\"elementor-column elementor-col-66 elementor-top-column elementor-element elementor-element-893eaa2\" data-id=\"893eaa2\" data-element_type=\"column\" data-e-type=\"column\">\n\t\t\t<div class=\"elementor-widget-wrap elementor-element-populated\">\n\t\t\t\t\t\t<div class=\"elementor-element elementor-element-da72d82 elementor-widget elementor-widget-heading\" data-id=\"da72d82\" data-element_type=\"widget\" data-e-type=\"widget\" data-widget_type=\"heading.default\">\n\t\t\t\t<div class=\"elementor-widget-container\">\n\t\t\t\t\t<h2 class=\"elementor-heading-title elementor-size-default\">MOTOSURF ACADEMY LAUNCHED IN FUJAIRAH<\/h2>\t\t\t\t<\/div>\n\t\t\t\t<\/div>\n\t\t\t\t<div class=\"elementor-element elementor-element-29270ef elementor-widget elementor-widget-heading\" data-id=\"29270ef\" data-element_type=\"widget\" data-e-type=\"widget\" data-widget_type=\"heading.default\">\n\t\t\t\t<div class=\"elementor-widget-container\">\n\t\t\t\t\t<h2 class=\"elementor-heading-title elementor-size-default\">October 22, 2022<\/h2>\t\t\t\t<\/div>\n\t\t\t\t<\/div>\n\t\t\t\t<div class=\"elementor-element elementor-element-a4bad20 elementor-widget__width-initial elementor-widget elementor-widget-heading\" data-id=\"a4bad20\" data-element_type=\"widget\" data-e-type=\"widget\" data-widget_type=\"heading.default\">\n\t\t\t\t<div class=\"elementor-widget-container\">\n\t\t\t\t\t<h2 class=\"elementor-heading-title elementor-size-default\">At the event of the 95th UIM General Assembly in Fujairah, MotoSurf \u2013 the world\u2019s fastest growing powerboat discipline joined forces with the world\u2019s largest Youth Development Program facility at Fujairah International Marine Club (FIMC).<br><br>MotoSurf has been the latest discipline joining the structure of the UIM \u2013 world governing body for powerboating sport, member of the International Olympic Committee. Together with enormous and successful efforts of Managing Director of Fujairah International Major Ahmed Ebrahim Alblooshi who created a platform for support, development and encouragement of young talents.<br><br>Witnessed by the UIM President Dr. Raffaele Chiulli, Jetsurf Founder &amp; MotoSurf Committee Chairmain Martin \u0160ula and MotoSurf World Championship Director Martin Jan\u010d\u00e1lek, the platform for MotoSurf discipline was launched at the facility of the Marine Club in Fujairah in front of the Youth Fujairah Team that is an example organization in the world of Formula Future Racing.\nAfter handover of two motorized surfboards presented by Martin \u0160ula \u2013 JETSURF MOTORIZED SURFBOARD owner, the whole Fujairah Team was trained by UIM MotoSurf World Champions Aneta Sacherova and Lukas Zahorsky.<br><br>The objective of the cooperation is to offer the young athletes from the whole UAE a possibility to practice a new, and very fast growing discipline. \u201eThe MotoSurf World Championship has been very focused on working with young talents. What we can see here in Fujairah is an example of passion and sportive approach. We cannot wait to work on developing Emirati talents and seeing them racing on the highest level in the future\u201c Martin Jancalek added.<br><br>\u201cWe love this sport. In Fujairah, we have a long history of youth development program and MotoSurf is something what perfectly fits to our activities. I would like to thank the UIM and Youth Development Program and I cannot wait to extend the activities offered to our young sportsmen.\u201c\nThe official launch welcomed also creator of the whole sport and CEO of the Jetsurf Motorized Surfboard Mr. Martin \u0160ula who said:\u201cI am very proud that throughout the years, we were able to implement all the knowledge to create a sports craft that will fit to youngsters as well as the adults. Our sport started from a very small scale to become the world discipline. This would not be possible without young generation bringing fresh wind to our sport. On behalf of the world\u2019s number one manufacturer of motorized surfboards, I am all the way committed to help Youth Development Program and every activity leading to support sport of youth. \u201c\n<\/h2>\t\t\t\t<\/div>\n\t\t\t\t<\/div>\n\t\t\t\t\t<\/div>\n\t\t<\/div>\n\t\t\t\t\t<\/div>\n\t\t<\/section>\n\t\t\t\t<\/div>\n\t\t\n    <div class=\"xs_social_share_widget xs_share_url after_content \t\tmain_content  wslu-style-1 wslu-share-box-shaped wslu-fill-colored wslu-none wslu-share-horizontal wslu-theme-font-no wslu-main_content\">\n\n\t\t\n        <ul>\n\t\t\t        <\/ul>\n    <\/div> \n","protected":false},"excerpt":{"rendered":"<p>MOTOSURF ACADEMY LAUNCHED IN FUJAIRAH October 22, 2022 At the event of the 95th UIM General Assembly in Fujairah, MotoSurf \u2013 the world\u2019s fastest growing powerboat discipline joined forces with &hellip; <a href=\"http:\/\/fimc.ae\/club\/motosurf-academy-launched-in-fujairah\/\" class=\"more-link\">Continue reading <span class=\"screen-reader-text\">Motosurf Academy Launched in Fujairah<\/span><\/a><\/p>\n","protected":false},"author":2,"featured_media":0,"parent":0,"menu_order":0,"comment_status":"closed","ping_status":"closed","template":"elementor_canvas","meta":{"_monsterinsights_skip_tracking":false,"_monsterinsights_sitenote_active":false,"_monsterinsights_sitenote_note":"","_monsterinsights_sitenote_category":0,"footnotes":""},"class_list":["post-7896","page","type-page","status-publish","hentry"],"aioseo_notices":[],"featured_image_src":null,"featured_image_src_square":null,"_links":{"self":[{"href":"http:\/\/fimc.ae\/club\/wp-json\/wp\/v2\/pages\/7896","targetHints":{"allow":["GET"]}}],"collection":[{"href":"http:\/\/fimc.ae\/club\/wp-json\/wp\/v2\/pages"}],"about":[{"href":"http:\/\/fimc.ae\/club\/wp-json\/wp\/v2\/types\/page"}],"author":[{"embeddable":true,"href":"http:\/\/fimc.ae\/club\/wp-json\/wp\/v2\/users\/2"}],"replies":[{"embeddable":true,"href":"http:\/\/fimc.ae\/club\/wp-json\/wp\/v2\/comments?post=7896"}],"version-history":[{"count":28,"href":"http:\/\/fimc.ae\/club\/wp-json\/wp\/v2\/pages\/7896\/revisions"}],"predecessor-version":[{"id":10565,"href":"http:\/\/fimc.ae\/club\/wp-json\/wp\/v2\/pages\/7896\/revisions\/10565"}],"wp:attachment":[{"href":"http:\/\/fimc.ae\/club\/wp-json\/wp\/v2\/media?parent=7896"}],"curies":[{"name":"wp","href":"https:\/\/api.w.org\/{rel}","templated":true}]}}